{"id":5752,"date":"2023-04-27T09:04:40","date_gmt":"2023-04-27T09:04:40","guid":{"rendered":"https:\/\/webnhathuoc.com\/home\/?page_id=5752"},"modified":"2024-03-23T18:18:17","modified_gmt":"2024-03-23T11:18:17","slug":"chinh-sach-bao-mat-thong-tin","status":"publish","type":"page","link":"https:\/\/webnhathuoc.com\/home\/chinh-sach-bao-mat-thong-tin\/","title":{"rendered":"Ch\u00ednh s\u00e1ch b\u1ea3o m\u1eadt th\u00f4ng tin"},"content":{"rendered":"\t\t<div data-elementor-type=\"wp-page\" data-elementor-id=\"5752\" class=\"elementor elementor-5752\">\n\t\t\t\t\t\t\t\t\t<section data-particle_enable=\"false\" data-particle-mobile-disabled=\"false\" class=\"elementor-section elementor-top-section elementor-element elementor-element-233f727d elementor-section-content-middle elementor-section-height-min-height elementor-section-boxed elementor-section-height-default elementor-section-items-middle\" data-id=\"233f727d\" data-element_type=\"section\" data-settings=\"{&quot;background_background&quot;:&quot;gradient&quot;,&quot;shape_divider_bottom&quot;:&quot;waves&quot;}\">\n\t\t\t\t\t\t\t<div class=\"elementor-background-overlay\"><\/div>\n\t\t\t\t\t\t<div class=\"elementor-shape elementor-shape-bottom\" data-negative=\"false\">\n\t\t\t<svg xmlns=\"http:\/\/www.w3.org\/2000\/svg\" viewBox=\"0 0 1000 100\" preserveAspectRatio=\"none\">\n\t<path class=\"elementor-shape-fill\" d=\"M421.9,6.5c22.6-2.5,51.5,0.4,75.5,5.3c23.6,4.9,70.9,23.5,100.5,35.7c75.8,32.2,133.7,44.5,192.6,49.7\n\tc23.6,2.1,48.7,3.5,103.4-2.5c54.7-6,106.2-25.6,106.2-25.6V0H0v30.3c0,0,72,32.6,158.4,30.5c39.2-0.7,92.8-6.7,134-22.4\n\tc21.2-8.1,52.2-18.2,79.7-24.2C399.3,7.9,411.6,7.5,421.9,6.5z\"\/>\n<\/svg>\t\t<\/div>\n\t\t\t\t\t<div class=\"elementor-container elementor-column-gap-no\">\n\t\t\t\t\t<div class=\"elementor-column elementor-col-100 elementor-top-column elementor-element elementor-element-9a8f998\" data-id=\"9a8f998\" data-element_type=\"column\" data-settings=\"{&quot;background_background&quot;:&quot;classic&quot;}\">\n\t\t\t<div class=\"elementor-widget-wrap elementor-element-populated\">\n\t\t\t\t\t\t\t\t<div class=\"elementor-element elementor-element-1cfb0a87 elementor-widget elementor-widget-heading\" data-id=\"1cfb0a87\" data-element_type=\"widget\" data-widget_type=\"heading.default\">\n\t\t\t\t<div class=\"elementor-widget-container\">\n\t\t\t<style>\/*! elementor - v3.13.2 - 11-05-2023 *\/\n.elementor-heading-title{padding:0;margin:0;line-height:1}.elementor-widget-heading .elementor-heading-title[class*=elementor-size-]>a{color:inherit;font-size:inherit;line-height:inherit}.elementor-widget-heading .elementor-heading-title.elementor-size-small{font-size:15px}.elementor-widget-heading .elementor-heading-title.elementor-size-medium{font-size:19px}.elementor-widget-heading .elementor-heading-title.elementor-size-large{font-size:29px}.elementor-widget-heading .elementor-heading-title.elementor-size-xl{font-size:39px}.elementor-widget-heading .elementor-heading-title.elementor-size-xxl{font-size:59px}<\/style><h1 class=\"elementor-heading-title elementor-size-default\">Ch\u00ednh s\u00e1ch quy \u0111\u1ecbnh chung<\/h1>\t\t<\/div>\n\t\t\t\t<\/div>\n\t\t\t\t\t<\/div>\n\t\t<\/div>\n\t\t\t\t\t\t\t<\/div>\n\t\t<\/section>\n\t\t\t\t<section data-particle_enable=\"false\" data-particle-mobile-disabled=\"false\" class=\"elementor-section elementor-top-section elementor-element elementor-element-374b5001 elementor-section-boxed elementor-section-height-default elementor-section-height-default\" data-id=\"374b5001\" data-element_type=\"section\">\n\t\t\t\t\t\t\t<div class=\"elementor-background-overlay\"><\/div>\n\t\t\t\t\t\t\t<div class=\"elementor-container elementor-column-gap-no\">\n\t\t\t\t\t<div class=\"elementor-column elementor-col-100 elementor-top-column elementor-element elementor-element-64c70fff\" data-id=\"64c70fff\" data-element_type=\"column\">\n\t\t\t<div class=\"elementor-widget-wrap elementor-element-populated\">\n\t\t\t\t\t\t\t\t<section data-particle_enable=\"false\" data-particle-mobile-disabled=\"false\" class=\"elementor-section elementor-inner-section elementor-element elementor-element-4fc3c812 elementor-section-boxed elementor-section-height-default elementor-section-height-default\" data-id=\"4fc3c812\" data-element_type=\"section\">\n\t\t\t\t\t\t<div class=\"elementor-container elementor-column-gap-no\">\n\t\t\t\t\t<div class=\"elementor-column elementor-col-100 elementor-inner-column elementor-element elementor-element-3d452bb7\" data-id=\"3d452bb7\" data-element_type=\"column\">\n\t\t\t<div class=\"elementor-widget-wrap elementor-element-populated\">\n\t\t\t\t\t\t\t\t<div class=\"elementor-element elementor-element-5790ce59 elementor-widget elementor-widget-elementskit-heading\" data-id=\"5790ce59\" data-element_type=\"widget\" data-widget_type=\"elementskit-heading.default\">\n\t\t\t\t<div class=\"elementor-widget-container\">\n\t\t\t<div class=\"ekit-wid-con\" ><div class=\"ekit-heading elementskit-section-title-wraper text_left   ekit_heading_tablet-   ekit_heading_mobile-\"><h3 class=\"ekit-heading--title elementskit-section-title \">Ch\u00ednh s\u00e1ch b\u1ea3o m\u1eadt<\/h3><\/div><\/div>\t\t<\/div>\n\t\t\t\t<\/div>\n\t\t\t\t\t<\/div>\n\t\t<\/div>\n\t\t\t\t\t\t\t<\/div>\n\t\t<\/section>\n\t\t\t\t<section data-particle_enable=\"false\" data-particle-mobile-disabled=\"false\" class=\"elementor-section elementor-inner-section elementor-element elementor-element-2519d68e elementor-section-boxed elementor-section-height-default elementor-section-height-default\" data-id=\"2519d68e\" data-element_type=\"section\">\n\t\t\t\t\t\t<div class=\"elementor-container elementor-column-gap-no\">\n\t\t\t\t\t<div class=\"elementor-column elementor-col-100 elementor-inner-column elementor-element elementor-element-2c174a4c\" data-id=\"2c174a4c\" data-element_type=\"column\">\n\t\t\t<div class=\"elementor-widget-wrap elementor-element-populated\">\n\t\t\t\t\t\t\t\t<div class=\"elementor-element elementor-element-1976a8ad elementor-widget elementor-widget-text-editor\" data-id=\"1976a8ad\" data-element_type=\"widget\" data-widget_type=\"text-editor.default\">\n\t\t\t\t<div class=\"elementor-widget-container\">\n\t\t\t<style>\/*! elementor - v3.13.2 - 11-05-2023 *\/\n.elementor-widget-text-editor.elementor-drop-cap-view-stacked .elementor-drop-cap{background-color:#69727d;color:#fff}.elementor-widget-text-editor.elementor-drop-cap-view-framed .elementor-drop-cap{color:#69727d;border:3px solid;background-color:transparent}.elementor-widget-text-editor:not(.elementor-drop-cap-view-default) .elementor-drop-cap{margin-top:8px}.elementor-widget-text-editor:not(.elementor-drop-cap-view-default) .elementor-drop-cap-letter{width:1em;height:1em}.elementor-widget-text-editor .elementor-drop-cap{float:left;text-align:center;line-height:1;font-size:50px}.elementor-widget-text-editor .elementor-drop-cap-letter{display:inline-block}<\/style>\t\t\t\t<p><strong>a) M\u1ee5c \u0111\u00edch v\u00e0 ph\u1ea1m vi thu th\u1eadp<br \/><\/strong>Vi\u1ec7c thu th\u1eadp d\u1eef li\u1ec7u ch\u1ee7 y\u1ebfu tr\u00ean website bao g\u1ed3m: h\u1ecd t\u00ean, email, \u0111i\u1ec7n tho\u1ea1i, \u0111\u1ecba ch\u1ec9 kh\u00e1ch h\u00e0ng trong m\u1ee5c li\u00ean h\u1ec7. \u0110\u00e2y l\u00e0 c\u00e1c th\u00f4ng tin m\u00e0 ch\u00fang t\u00f4i c\u1ea7n th\u00e0nh vi\u00ean cung c\u1ea5p b\u1eaft bu\u1ed9c khi g\u1eedi th\u00f4ng tin nh\u1edd t\u01b0 v\u1ea5n hay mu\u1ed1n mua s\u1ea3n ph\u1ea9m v\u00e0 \u0111\u1ec3 ch\u00fang t\u00f4i li\u00ean h\u1ec7 x\u00e1c nh\u1eadn l\u1ea1i v\u1edbi kh\u00e1ch h\u00e0ng tr\u00ean website nh\u1eb1m \u0111\u1ea3m b\u1ea3o quy\u1ec1n l\u1ee3i cho cho ng\u01b0\u1eddi ti\u00eau d\u00f9ng.<br \/>C\u00e1c th\u00e0nh vi\u00ean s\u1ebd t\u1ef1 ch\u1ecbu tr\u00e1ch nhi\u1ec7m v\u1ec1 b\u1ea3o m\u1eadt v\u00e0 l\u01b0u gi\u1eef m\u1ecdi ho\u1ea1t \u0111\u1ed9ng s\u1eed d\u1ee5ng d\u1ecbch v\u1ee5 d\u01b0\u1edbi th\u00f4ng tin m\u00e0 m\u00ecnh cung c\u1ea5p v\u00e0 h\u1ed9p th\u01b0 \u0111i\u1ec7n t\u1eed c\u1ee7a m\u00ecnh. Ngo\u00e0i ra, th\u00e0nh vi\u00ean c\u00f3 tr\u00e1ch nhi\u1ec7m th\u00f4ng b\u00e1o k\u1ecbp th\u1eddi cho webiste ch\u00fang t\u00f4i v\u1ec1 nh\u1eefng h\u00e0nh vi s\u1eed d\u1ee5ng tr\u00e1i ph\u00e9p, l\u1ea1m d\u1ee5ng, vi ph\u1ea1m b\u1ea3o m\u1eadt, l\u01b0u gi\u1eef t\u00ean \u0111\u0103ng k\u00fd v\u00e0 m\u1eadt kh\u1ea9u c\u1ee7a b\u00ean th\u1ee9 ba \u0111\u1ec3 c\u00f3 bi\u1ec7n ph\u00e1p gi\u1ea3i quy\u1ebft ph\u00f9 h\u1ee3p.<\/p><p><strong>b) Ph\u1ea1m vi s\u1eed d\u1ee5ng th\u00f4ng tin<br \/><\/strong>Ch\u00fang t\u00f4i s\u1eed d\u1ee5ng th\u00f4ng tin th\u00e0nh vi\u00ean cung c\u1ea5p \u0111\u1ec3:<\/p><ul><li>Li\u00ean h\u1ec7 x\u00e1c nh\u1eadn \u0111\u01a1n h\u00e0ng v\u00e0 giao h\u00e0ng cho th\u00e0nh vi\u00ean khi nh\u1eadn \u0111\u01b0\u1ee3c y\u00eau c\u1ea7u t\u1eeb th\u00e0nh vi\u00ean;<\/li><li>Cung c\u1ea5p th\u00f4ng tin v\u1ec1 s\u1ea3n ph\u1ea9m \u0111\u1ebfn kh\u00e1ch h\u00e0ng n\u1ebfu c\u00f3 y\u00eau c\u1ea7u t\u1eeb kh\u00e1ch h\u00e0ng;<\/li><li>G\u1eedi email ti\u1ebfp th\u1ecb, khuy\u1ebfn m\u1ea1i v\u1ec1 h\u00e0ng h\u00f3a do ch\u00fang t\u00f4i b\u00e1n;<\/li><li>G\u1eedi c\u00e1c th\u00f4ng b\u00e1o v\u1ec1 c\u00e1c ho\u1ea1t \u0111\u1ed9ng tr\u00ean website;<\/li><li>Li\u00ean l\u1ea1c v\u00e0 gi\u1ea3i quy\u1ebft v\u1edbi ng\u01b0\u1eddi d\u00f9ng trong nh\u1eefng tr\u01b0\u1eddng h\u1ee3p \u0111\u1eb7c bi\u1ec7t;<\/li><li>Kh\u00f4ng s\u1eed d\u1ee5ng th\u00f4ng tin c\u00e1 nh\u00e2n c\u1ee7a ng\u01b0\u1eddi d\u00f9ng ngo\u00e0i m\u1ee5c \u0111\u00edch x\u00e1c nh\u1eadn v\u00e0 li\u00ean h\u1ec7 c\u00f3 li\u00ean quan \u0111\u1ebfn giao d\u1ecbch.<\/li><li>Khi c\u00f3 y\u00eau c\u1ea7u c\u1ee7a c\u01a1 quan t\u01b0 ph\u00e1p bao g\u1ed3m: Vi\u1ec7n ki\u1ec3m s\u00e1t, t\u00f2a \u00e1n, c\u01a1 quan c\u00f4ng an \u0111i\u1ec1u tra li\u00ean quan \u0111\u1ebfn h\u00e0nh vi vi ph\u1ea1m ph\u00e1p lu\u1eadt n\u00e0o \u0111\u00f3 c\u1ee7a kh\u00e1ch h\u00e0ng.<\/li><\/ul><p><strong>c) Th\u1eddi gian l\u01b0u tr\u1eef th\u00f4ng tin<br \/><\/strong>D\u1eef li\u1ec7u c\u00e1 nh\u00e2n c\u1ee7a th\u00e0nh vi\u00ean s\u1ebd \u0111\u01b0\u1ee3c l\u01b0u tr\u1eef cho \u0111\u1ebfn khi c\u00f3 y\u00eau c\u1ea7u ban qu\u1ea3n tr\u1ecb h\u1ee7y b\u1ecf. C\u00f2n l\u1ea1i trong m\u1ecdi tr\u01b0\u1eddng h\u1ee3p th\u00f4ng tin c\u00e1 nh\u00e2n th\u00e0nh vi\u00ean s\u1ebd \u0111\u01b0\u1ee3c b\u1ea3o m\u1eadt tr\u00ean m\u00e1y ch\u1ee7 c\u1ee7a ch\u00fang t\u00f4i.<\/p><p><strong>d) Nh\u1eefng ng\u01b0\u1eddi ho\u1eb7c t\u1ed5 ch\u1ee9c c\u00f3 th\u1ec3 \u0111\u01b0\u1ee3c ti\u1ebfp c\u1eadn v\u1edbi th\u00f4ng tin \u0111\u00f3<br \/><\/strong>\u0110\u1ed1i t\u01b0\u1ee3ng \u0111\u01b0\u1ee3c ti\u1ebfp c\u1eadn v\u1edbi th\u00f4ng tin c\u00e1 nh\u00e2n c\u1ee7a kh\u00e1ch h\u00e0ng thu\u1ed9c m\u1ed9t trong nh\u1eefng tr\u01b0\u1eddng h\u1ee3p sau:<\/p><ul><li>Nh\u00e2n vi\u00ean c\u1ee7a c\u00f4ng ty;<\/li><li>C\u00e1c \u0111\u1ed1i t\u00e1c c\u00f3 k\u00fd h\u1ee3p \u0111\u1ed9ng th\u1ef1c hi\u1ec7n 1 ph\u1ea7n d\u1ecbch v\u1ee5 c\u1ee7a C\u00f4ng ty. C\u00e1c \u0111\u1ed1i t\u00e1c n\u00e0y s\u1ebd nh\u1eadn \u0111\u01b0\u1ee3c nh\u1eefng th\u00f4ng tin theo th\u1ecfa thu\u1eadn h\u1ee3p \u0111\u1ed3ng (c\u00f3 th\u1ec3 1 ph\u1ea7n ho\u1eb7c to\u00e0n b\u1ed9 th\u00f4ng tin tuy theo \u0111i\u1ec1u kho\u1ea3n h\u1ee3p \u0111\u1ed3ng) \u0111\u1ec3 ti\u1ebfn h\u00e0nh h\u1ed7 tr\u1ee3 ng\u01b0\u1eddi d\u00f9ng s\u1eed d\u1ee5ng d\u1ecbch v\u1ee5 do C\u00f4ng ty cung c\u1ea5p.<\/li><\/ul><p><strong>\u0111) \u0110\u1ecba ch\u1ec9 c\u1ee7a \u0111\u01a1n v\u1ecb thu th\u1eadp v\u00e0 qu\u1ea3n l\u00fd th\u00f4ng tin, bao g\u1ed3m c\u00e1ch th\u1ee9c li\u00ean l\u1ea1c \u0111\u1ec3 ng\u01b0\u1eddi ti\u00eau d\u00f9ng c\u00f3 th\u1ec3 h\u1ecfi v\u1ec1 ho\u1ea1t \u0111\u1ed9ng thu th\u1eadp, x\u1eed l\u00fd th\u00f4ng tin li\u00ean quan \u0111\u1ebfn c\u00e1 nh\u00e2n m\u00ecnh<\/strong><\/p><ul><li>C\u00f4ng ty TNHH WEB NH\u00c0 THU\u1ed0C<\/li><li>\u0110\u1ecba ch\u1ec9: s\u1ed1 133, t\u1ed5 6, ph\u1ed1 Y\u00ean Duy\u00ean, P.Y\u00ean S\u1edf, Q.Ho\u00e0ng Mai, Tp. H\u00e0 N\u1ed9i<\/li><li>\u0110i\u1ec7n tho\u1ea1i: 0989199535<\/li><li>Email: hotro@webnhathuoc.com<\/li><\/ul><p><strong>e) Ph\u01b0\u01a1ng th\u1ee9c v\u00e0 c\u00f4ng c\u1ee5 \u0111\u1ec3 ng\u01b0\u1eddi ti\u00eau d\u00f9ng ti\u1ebfp c\u1eadn v\u00e0 ch\u1ec9nh s\u1eeda d\u1eef li\u1ec7u c\u00e1 nh\u00e2n c\u1ee7a m\u00ecnh tr\u00ean h\u1ec7 th\u1ed1ng th\u01b0\u01a1ng m\u1ea1i \u0111i\u1ec7n t\u1eed c\u1ee7a \u0111\u01a1n v\u1ecb thu th\u1eadp th\u00f4ng tin<br \/><\/strong>Th\u00e0nh vi\u00ean c\u00f3 quy\u1ec1n t\u1ef1 ki\u1ec3m tra, c\u1eadp nh\u1eadt, \u0111i\u1ec1u ch\u1ec9nh ho\u1eb7c h\u1ee7y b\u1ecf th\u00f4ng tin c\u00e1 nh\u00e2n c\u1ee7a m\u00ecnh b\u1eb1ng c\u00e1ch li\u00ean h\u1ec7 v\u1edbi ban qu\u1ea3n tr\u1ecb website th\u1ef1c hi\u1ec7n vi\u1ec7c n\u00e0y.<br \/>Th\u00e0nh vi\u00ean c\u00f3 quy\u1ec1n g\u1eedi khi\u1ebfu n\u1ea1i v\u1ec1 n\u1ed9i dung b\u1ea3o m\u1eadt th\u00f4ng tin \u0111\u1ec1 ngh\u1ecb li\u00ean h\u1ec7 Ban qu\u1ea3n tr\u1ecb c\u1ee7a website. Khi ti\u1ebfp nh\u1eadn nh\u1eefng ph\u1ea3n h\u1ed3i n\u00e0y, ch\u00fang t\u00f4i s\u1ebd x\u00e1c nh\u1eadn l\u1ea1i th\u00f4ng tin, tr\u01b0\u1eddng h\u1ee3p \u0111\u00fang nh\u01b0 ph\u1ea3n \u00e1nh c\u1ee7a th\u00e0nh vi\u00ean t\u00f9y theo m\u1ee9c \u0111\u1ed9, ch\u00fang t\u00f4i s\u1ebd c\u00f3 nh\u1eefng bi\u1ec7n ph\u00e1p x\u1eed l\u00fd k\u1ecbp th\u1eddi.<\/p><p><strong>f) C\u01a1 ch\u1ebf ti\u1ebfp nh\u1eadn v\u00e0 gi\u1ea3i quy\u1ebft khi\u1ebfu n\u1ea1i c\u1ee7a ng\u01b0\u1eddi ti\u00eau d\u00f9ng li\u00ean quan \u0111\u1ebfn vi\u1ec7c th\u00f4ng tin c\u00e1 nh\u00e2n b\u1ecb s\u1eed d\u1ee5ng sai m\u1ee5c \u0111\u00edch ho\u1eb7c ph\u1ea1m vi \u0111\u00e3 th\u00f4ng b\u00e1o<br \/><\/strong>Th\u00f4ng tin c\u00e1 nh\u00e2n c\u1ee7a th\u00e0nh vi\u00ean \u0111\u01b0\u1ee3c cam k\u1ebft b\u1ea3o m\u1eadt tuy\u1ec7t \u0111\u1ed1i theo ch\u00ednh s\u00e1ch b\u1ea3o v\u1ec7 th\u00f4ng tin c\u00e1 nh\u00e2n. Vi\u1ec7c thu th\u1eadp v\u00e0 s\u1eed d\u1ee5ng th\u00f4ng tin c\u1ee7a m\u1ed7i th\u00e0nh vi\u00ean ch\u1ec9 \u0111\u01b0\u1ee3c th\u1ef1c hi\u1ec7n khi c\u00f3 s\u1ef1 \u0111\u1ed3ng \u00fd c\u1ee7a kh\u00e1ch h\u00e0ng \u0111\u00f3 tr\u1eeb nh\u1eefng tr\u01b0\u1eddng h\u1ee3p ph\u00e1p lu\u1eadt c\u00f3 quy \u0111\u1ecbnh kh\u00e1c.<br \/>Kh\u00f4ng s\u1eed d\u1ee5ng, kh\u00f4ng chuy\u1ec3n giao, cung c\u1ea5p hay ti\u1ebft l\u1ed9 cho b\u00ean th\u1ee9 3 n\u00e0o v\u1ec1 th\u00f4ng tin c\u00e1 nh\u00e2n c\u1ee7a th\u00e0nh vi\u00ean khi kh\u00f4ng c\u00f3 s\u1ef1 cho ph\u00e9p \u0111\u1ed3ng \u00fd t\u1eeb th\u00e0nh vi\u00ean.<br \/>Trong tr\u01b0\u1eddng h\u1ee3p m\u00e1y ch\u1ee7 l\u01b0u tr\u1eef th\u00f4ng tin b\u1ecb hacker t\u1ea5n c\u00f4ng d\u1eabn \u0111\u1ebfn m\u1ea5t m\u00e1t d\u1eef li\u1ec7u c\u00e1 nh\u00e2n th\u00e0nh vi\u00ean, ch\u00fang t\u00f4i s\u1ebd c\u00f3 tr\u00e1ch nhi\u1ec7m th\u00f4ng b\u00e1o v\u1ee5 vi\u1ec7c cho c\u01a1 quan ch\u1ee9c n\u0103ng \u0111i\u1ec1u tra x\u1eed l\u00fd k\u1ecbp th\u1eddi v\u00e0 th\u00f4ng b\u00e1o cho th\u00e0nh vi\u00ean \u0111\u01b0\u1ee3c bi\u1ebft.<br \/>B\u1ea3o m\u1eadt tuy\u1ec7t \u0111\u1ed1i m\u1ecdi th\u00f4ng tin giao d\u1ecbch tr\u1ef1c tuy\u1ebfn c\u1ee7a th\u00e0nh vi\u00ean bao g\u1ed3m th\u00f4ng tin h\u00f3a \u0111\u01a1n k\u1ebf to\u00e1n ch\u1ee9ng t\u1eeb s\u1ed1 h\u00f3a<br \/>Ban qu\u1ea3n l\u00fd y\u00eau c\u1ea7u c\u00e1c c\u00e1 nh\u00e2n khi \u0111\u0103ng k\u00fd\/mua h\u00e0ng ph\u1ea3i cung c\u1ea5p \u0111\u1ea7y \u0111\u1ee7 th\u00f4ng tin c\u00e1 nh\u00e2n c\u00f3 li\u00ean quan nh\u01b0: H\u1ecd v\u00e0 t\u00ean, \u0111\u1ecba ch\u1ec9 li\u00ean l\u1ea1c, email, \u0111i\u1ec7n tho\u1ea1i,\u2026., v\u00e0 ch\u1ecbu tr\u00e1ch nhi\u1ec7m v\u1ec1 t\u00ednh ph\u00e1p l\u00fd c\u1ee7a nh\u1eefng th\u00f4ng tin tr\u00ean. Ban qu\u1ea3n l\u00fd kh\u00f4ng ch\u1ecbu tr\u00e1ch nhi\u1ec7m c\u0169ng nh\u01b0 kh\u00f4ng gi\u1ea3i quy\u1ebft m\u1ecdi khi\u1ebfu n\u1ea1i c\u00f3 li\u00ean quan \u0111\u1ebfn quy\u1ec1n l\u1ee3i c\u1ee7a th\u00e0nh vi\u00ean \u0111\u00f3 n\u1ebfu x\u00e9t th\u1ea5y t\u1ea5t c\u1ea3 th\u00f4ng tin c\u00e1 nh\u00e2n c\u1ee7a th\u00e0nh vi\u00ean \u0111\u00f3 cung c\u1ea5p khi \u0111\u0103ng k\u00fd ban \u0111\u1ea7u l\u00e0 kh\u00f4ng ch\u00ednh x\u00e1c.<\/p><div class=\"post-views post-3192 entry-meta\">\u00a0<\/div>\t\t\t\t\t\t<\/div>\n\t\t\t\t<\/div>\n\t\t\t\t\t<\/div>\n\t\t<\/div>\n\t\t\t\t\t\t\t<\/div>\n\t\t<\/section>\n\t\t\t\t\t<\/div>\n\t\t<\/div>\n\t\t\t\t\t\t\t<\/div>\n\t\t<\/section>\n\t\t\t\t\t\t\t<\/div>\n\t\t","protected":false},"excerpt":{"rendered":"<p>Ch\u00ednh s\u00e1ch quy \u0111\u1ecbnh chung Ch\u00ednh s\u00e1ch b\u1ea3o m\u1eadt a) M\u1ee5c \u0111\u00edch v\u00e0 ph\u1ea1m vi thu th\u1eadpVi\u1ec7c thu th\u1eadp d\u1eef li\u1ec7u ch\u1ee7 y\u1ebfu tr\u00ean website bao g\u1ed3m: h\u1ecd t\u00ean, email, \u0111i\u1ec7n tho\u1ea1i, \u0111\u1ecba ch\u1ec9 kh\u00e1ch h\u00e0ng trong m\u1ee5c li\u00ean h\u1ec7. \u0110\u00e2y l\u00e0 c\u00e1c th\u00f4ng tin m\u00e0 ch\u00fang t\u00f4i c\u1ea7n th\u00e0nh vi\u00ean cung c\u1ea5p b\u1eaft bu\u1ed9c [&hellip;]<\/p>\n","protected":false},"author":1,"featured_media":0,"parent":0,"menu_order":0,"comment_status":"closed","ping_status":"closed","template":"elementor_header_footer","meta":{"footnotes":""},"class_list":["post-5752","page","type-page","status-publish","hentry"],"acf":[],"_links":{"self":[{"href":"https:\/\/webnhathuoc.com\/home\/wp-json\/wp\/v2\/pages\/5752","targetHints":{"allow":["GET"]}}],"collection":[{"href":"https:\/\/webnhathuoc.com\/home\/wp-json\/wp\/v2\/pages"}],"about":[{"href":"https:\/\/webnhathuoc.com\/home\/wp-json\/wp\/v2\/types\/page"}],"author":[{"embeddable":true,"href":"https:\/\/webnhathuoc.com\/home\/wp-json\/wp\/v2\/users\/1"}],"replies":[{"embeddable":true,"href":"https:\/\/webnhathuoc.com\/home\/wp-json\/wp\/v2\/comments?post=5752"}],"version-history":[{"count":4,"href":"https:\/\/webnhathuoc.com\/home\/wp-json\/wp\/v2\/pages\/5752\/revisions"}],"predecessor-version":[{"id":8242,"href":"https:\/\/webnhathuoc.com\/home\/wp-json\/wp\/v2\/pages\/5752\/revisions\/8242"}],"wp:attachment":[{"href":"https:\/\/webnhathuoc.com\/home\/wp-json\/wp\/v2\/media?parent=5752"}],"curies":[{"name":"wp","href":"https:\/\/api.w.org\/{rel}","templated":true}]}}